{"id":2315,"date":"2017-03-13T14:17:21","date_gmt":"2017-03-13T14:17:21","guid":{"rendered":"http:\/\/meinrecht.or.at\/?page_id=2315"},"modified":"2019-12-14T15:30:04","modified_gmt":"2019-12-14T15:30:04","slug":"standorte","status":"publish","type":"page","link":"https:\/\/meinrecht.or.at\/?page_id=2315","title":{"rendered":"Standorte"},"content":{"rendered":"<p>[vc_row css=&#8220;.vc_custom_1404979777397{margin-bottom: 70px !important;}&#8220;][vc_column width=&#8220;2\/3&#8243;][vc_empty_space][vc_column_text]<\/p>\n<h4><strong>Zentrale:<\/strong><\/h4>\n<p>Haushamer Str. 2<br \/>\n8054 Seiersberg[\/vc_column_text][vc_tta_tabs][vc_tta_section title=&#8220;Karte&#8220; tab_id=&#8220;1576322743238-0e005bde-6187&#8243;][vc_gmaps link=&#8220;#E-8_JTNDaWZyYW1lJTIwc3JjJTNEJTIyaHR0cHMlM0ElMkYlMkZ3d3cuZ29vZ2xlLmNvbSUyRm1hcHMlMkZlbWJlZCUzRnBiJTNEJTIxMW0xOCUyMTFtMTIlMjExbTMlMjExZDI3MjAuNTAwMTkzMTgxMDAyJTIxMmQxNS40MDI5NjcwMTU1ODQ0MDclMjEzZDQ3LjAxMDc4NTk3OTE0OTczJTIxMm0zJTIxMWYwJTIxMmYwJTIxM2YwJTIxM20yJTIxMWkxMDI0JTIxMmk3NjglMjE0ZjEzLjElMjEzbTMlMjExbTIlMjExczB4NDc2ZmNhOWJlZmQ0ZTI2NyUyNTNBMHg5NzBkNWYwMDNlODQ2ZTBjJTIxMnNIYXVzaGFtZXIlMjUyMFN0ci4lMjUyMDIlMjUyRjMlMjUyQyUyNTIwODA1NCUyNTIwU2VpZXJzYmVyZyUyMTVlMCUyMTNtMiUyMTFzZGUlMjEyc2F0JTIxNHYxNTc2MDgwMzMxODQwJTIxNW0yJTIxMXNkZSUyMTJzYXQlMjIlMjB3aWR0aCUzRCUyMjYwMCUyMiUyMGhlaWdodCUzRCUyMjQ1MCUyMiUyMGZyYW1lYm9yZGVyJTNEJTIyMCUyMiUyMHN0eWxlJTNEJTIyYm9yZGVyJTNBMCUzQiUyMiUyMGFsbG93ZnVsbHNjcmVlbiUzRCUyMiUyMiUzRSUzQyUyRmlmcmFtZSUzRQ==&#8220;][\/vc_tta_section][vc_tta_section title=&#8220;Wegbeschreibung&#8220; tab_id=&#8220;1576322743269-7e82cc67-ca50&#8243;][vc_column_text]<\/p>\n<h3><strong>Wegbeschreibung zur Zentrale Seiersberg<\/strong><\/h3>\n<p><strong>Anreise mit dem Auto<\/strong><\/p>\n<p>Die Zentren der ShoppingCity Seiersberg liegen direkt an der Autobahn A9 und verf\u00fcgen \u00fcber eine eigene Autobahnausfahrt (Exit 188). Klicken Sie bei Karte oben auf Route planen.<\/p>\n<p>Geben Sie hier ihre Startadresse ein und lassen Sie Google Maps Ihre Route planen.<\/p>\n<p><strong><br \/>\nVon Wien<\/strong><\/p>\n<p>Folgen Sie der A2 Richtung Graz.<\/p>\n<p>Wechseln Sie am Knoten Graz West von der A2 auf die A9 in Richtung E57, Seiersberg, Graz Webling.<\/p>\n<p>Verlassen Sie die A9 an der Anschlussstelle Seiersberg in Richtung Seiersberg (Exit 188).<\/p>\n<p><strong><br \/>\nVon Maribor<\/strong><\/p>\n<p>Folgen Sie der A1 Richtung Spielfeld\/\u00d6sterreich.<\/p>\n<p>Wechseln Sie an der Anschlussstelle Spielfeld von der A1 auf die A9.<\/p>\n<p>Verlassen Sie die A9 an der Anschlussstelle Seiersberg in Richtung Seiersberg (Exit 188). 61<\/p>\n<p><strong><br \/>\nVon Zagreb<\/strong><\/p>\n<p>Folgen Sie der E59 Richtung Slowenien.<\/p>\n<p>Folgen Sie der D1 Richtung Slowenien. Nach der Grenze folgen Sie der Stra\u00dfe 1 und H2 bis Mari-bor.<\/p>\n<p>Fahren Sie an der Anschlussstelle Maribor-Sever auf die A1.<\/p>\n<p>Wechseln Sie an der Anschlussstelle Spielfeld von der A1 auf die A9.<\/p>\n<p>Verlassen Sie die A9 an der Anschlussstelle Seiersberg in Richtung Seiersberg (Exit 188).<\/p>\n<p><strong><br \/>\nAnreise mit \u00f6ffentlichen Verkehrsmitteln<\/strong><\/p>\n<p>Nehmen Sie die Buslinie 32 vom Jakominiplatz nach Seiersberg bis zur Endstation, dann umsteigen in die Buslinie 78. Diese bringt Sie dann zur Haltestelle Gemeindeamt Seiersberg. Oder nehmen Sie die Stra\u00dfenbahnlinie 5 bis zur Endstation Puntigam. Auch von dort f\u00fchrt die Buslinie 78 direkt zum Gemeindeamt Seiersberg. Der UCL-Tower befindet sich direkt rechts gegen\u00fcber vom Gemeindeamt.[\/vc_column_text][\/vc_tta_section][\/vc_tta_tabs][\/vc_column][vc_column width=&#8220;1\/3&#8243;][\/vc_column][\/vc_row][vc_row css=&#8220;.vc_custom_1404979581947{margin-bottom: 0px !important;}&#8220;][vc_column width=&#8220;2\/3&#8243;][vc_column_text]<\/p>\n<h4><strong>Konferenzb\u00fcro Wien:<\/strong><\/h4>\n<p>Neubaugasse 3\/1. Stock<br \/>\n1070 Wien[\/vc_column_text][vc_gmaps link=&#8220;#E-8_JTNDaWZyYW1lJTIwc3JjJTNEJTIyaHR0cHMlM0ElMkYlMkZ3d3cuZ29vZ2xlLmNvbSUyRm1hcHMlMkZlbWJlZCUzRnBiJTNEJTIxMW0xOCUyMTFtMTIlMjExbTMlMjExZDI2NTkuMzcyODc3NTQzNTI2NiUyMTJkMTYuMzQ3MzczODE1NjI2MTk1JTIxM2Q0OC4xOTk0MzMzMjkyMjg0NTUlMjEybTMlMjExZjAlMjEyZjAlMjEzZjAlMjEzbTIlMjExaTEwMjQlMjEyaTc2OCUyMTRmMTMuMSUyMTNtMyUyMTFtMiUyMTFzMHg0NzZkMDc4YzBjZTNmZmZmJTI1M0EweGViNWJkYjJlYzc4MWE0NmMlMjEyc21laW5yZWNodC5vci5hdCUyMTVlMCUyMTNtMiUyMTFzZGUlMjEyc2F0JTIxNHYxNTc2MDg0MzExMTQxJTIxNW0yJTIxMXNkZSUyMTJzYXQlMjIlMjB3aWR0aCUzRCUyMjYwMCUyMiUyMGhlaWdodCUzRCUyMjQ1MCUyMiUyMGZyYW1lYm9yZGVyJTNEJTIyMCUyMiUyMHN0eWxlJTNEJTIyYm9yZGVyJTNBMCUzQiUyMiUyMGFsbG93ZnVsbHNjcmVlbiUzRCUyMiUyMiUzRSUzQyUyRmlmcmFtZSUzRQ==&#8220;][vc_column_text][\/vc_column_text][\/vc_column][vc_column width=&#8220;1\/3&#8243;][\/vc_column][\/vc_row]<\/p>\n","protected":false},"excerpt":{"rendered":"<p>[vc_row css=&#8220;.vc_custom_1404979777397{margin-bottom: 70px !important;}&#8220;][vc_column width=&#8220;2\/3&#8243;][vc_empty_space][vc_column_text] Zentrale: Haushamer Str. 2 8054 Seiersberg[\/vc_column_text][vc_tta_tabs][vc_tta_section title=&#8220;Karte&#8220; tab_id=&#8220;1576322743238-0e005bde-6187&#8243;][vc_gmaps link=&#8220;#E-8_JTNDaWZyYW1lJTIwc3JjJTNEJTIyaHR0cHMlM0ElMkYlMkZ3d3cuZ29vZ2xlLmNvbSUyRm1hcHMlMkZlbWJlZCUzRnBiJTNEJTIxMW0xOCUyMTFtMTIlMjExbTMlMjExZDI3MjAuNTAwMTkzMTgxMDAyJTIxMmQxNS40MDI5NjcwMTU1ODQ0MDclMjEzZDQ3LjAxMDc4NTk3OTE0OTczJTIxMm0zJTIxMWYwJTIxMmYwJTIxM2YwJTIxM20yJTIxMWkxMDI0JTIxMmk3NjglMjE0ZjEzLjElMjEzbTMlMjExbTIlMjExczB4NDc2ZmNhOWJlZmQ0ZTI2NyUyNTNBMHg5NzBkNWYwMDNlODQ2ZTBjJTIxMnNIYXVzaGFtZXIlMjUyMFN0ci4lMjUyMDIlMjUyRjMlMjUyQyUyNTIwODA1NCUyNTIwU2VpZXJzYmVyZyUyMTVlMCUyMTNtMiUyMTFzZGUlMjEyc2F0JTIxNHYxNTc2MDgwMzMxODQwJTIxNW0yJTIxMXNkZSUyMTJzYXQlMjIlMjB3aWR0aCUzRCUyMjYwMCUyMiUyMGhlaWdodCUzRCUyMjQ1MCUyMiUyMGZyYW1lYm9yZGVyJTNEJTIyMCUyMiUyMHN0eWxlJTNEJTIyYm9yZGVyJTNBMCUzQiUyMiUyMGFsbG93ZnVsbHNjcmVlbiUzRCUyMiUyMiUzRSUzQyUyRmlmcmFtZSUzRQ==&#8220;][\/vc_tta_section][vc_tta_section title=&#8220;Wegbeschreibung&#8220; tab_id=&#8220;1576322743269-7e82cc67-ca50&#8243;][vc_column_text] Wegbeschreibung zur Zentrale Seiersberg Anreise mit dem Auto Die Zentren der ShoppingCity Seiersberg liegen direkt an der Autobahn A9 und verf\u00fcgen \u00fcber eine eigene Autobahnausfahrt (Exit 188). Klicken Sie bei Karte oben auf Route planen. Geben Sie hier ihre [&hellip;]<\/p>\n","protected":false},"author":1,"featured_media":0,"parent":0,"menu_order":0,"comment_status":"closed","ping_status":"closed","template":"","meta":{"footnotes":""},"class_list":["post-2315","page","type-page","status-publish","hentry"],"_links":{"self":[{"href":"https:\/\/meinrecht.or.at\/index.php?rest_route=\/wp\/v2\/pages\/2315","targetHints":{"allow":["GET"]}}],"collection":[{"href":"https:\/\/meinrecht.or.at\/index.php?rest_route=\/wp\/v2\/pages"}],"about":[{"href":"https:\/\/meinrecht.or.at\/index.php?rest_route=\/wp\/v2\/types\/page"}],"author":[{"embeddable":true,"href":"https:\/\/meinrecht.or.at\/index.php?rest_route=\/wp\/v2\/users\/1"}],"replies":[{"embeddable":true,"href":"https:\/\/meinrecht.or.at\/index.php?rest_route=%2Fwp%2Fv2%2Fcomments&post=2315"}],"version-history":[{"count":59,"href":"https:\/\/meinrecht.or.at\/index.php?rest_route=\/wp\/v2\/pages\/2315\/revisions"}],"predecessor-version":[{"id":2978,"href":"https:\/\/meinrecht.or.at\/index.php?rest_route=\/wp\/v2\/pages\/2315\/revisions\/2978"}],"wp:attachment":[{"href":"https:\/\/meinrecht.or.at\/index.php?rest_route=%2Fwp%2Fv2%2Fmedia&parent=2315"}],"curies":[{"name":"wp","href":"https:\/\/api.w.org\/{rel}","templated":true}]}}