{"id":2369,"date":"2017-03-14T16:27:06","date_gmt":"2017-03-14T16:27:06","guid":{"rendered":"http:\/\/meinrecht.or.at\/?page_id=2369"},"modified":"2017-03-15T15:13:37","modified_gmt":"2017-03-15T15:13:37","slug":"checkliste-einvernehmliche-ehescheidung","status":"publish","type":"page","link":"https:\/\/meinrecht.or.at\/?page_id=2369","title":{"rendered":"Checkliste: Einvernehmliche Ehescheidung"},"content":{"rendered":"<p>[vc_row][vc_column width=&#8220;1\/2&#8243;][vc_column_text]<\/p>\n<div class=\"mitte\">\n<div class=\"contenttext_main\">\n<div class=\"text\">\n<p>Eine einvernehmliche Scheidung ist ebenso komplex wie ein gerichtliches Ehescheidungsverfahren. Es sollte daher unbedingt auch eine einvernehmliche Ehescheidung und die abzuschlie\u00dfende Scheidungsfolgenvereinbarung wohl \u00fcberlegt sein und von einem Rechtsanwalt errichtet werden, damit Streitigkeiten und Rechtsunsicherheiten zuk\u00fcnftig vermieden werden k\u00f6nnen.<\/p>\n<p><strong>Folgende Punkte sollten vor einer einvernehmlichen Scheidung gekl\u00e4rt werden:<\/strong><\/p>\n<p><u>Obsorge f\u00fcr die gemeinsamen Kinder:<\/u><\/p>\n<p>\u2022 Obsorge bleibt hinsichtlich beider Elternteile aufrecht.<br \/>\nVereinbarung \u00fcber den haupts\u00e4chlichen Aufenthalt des\/der<br \/>\nKindes\/Kinder<br \/>\n\u2022 Obsorge f\u00fcr ein Elternteil \u2013 Besuchsrecht (Regelung \u00fcber<br \/>\nBesuchsrecht kann infolge einer einvernehmlichen au\u00dfer-<br \/>\ngerichtlichen Vereinbarung der Eltern vorbehalten bleiben)<\/p>\n<p><u>Kindesunterhalt:<\/u><\/p>\n<p>\u2022 Beginn<br \/>\n\u2022 H\u00f6he \u2013 Bemessungsgrundlage Nettoeinkommen<br \/>\ndes Unterhaltsschuldners. Bei gemeinsamer Obsorge<br \/>\nteilweise Anrechnung des Naturalunterhaltes<br \/>\n\u2022 F\u00e4lligkeit, Zahlungsmodalit\u00e4ten<br \/>\n(es empfiehlt sich die \u00dcberweisung auf ein Konto)<br \/>\n\u2022 R\u00fcckst\u00e4nde und allenfalls Zahlungsvereinbarung<br \/>\n\u00fcber den R\u00fcckstand<br \/>\n\u2022 Weitere Sorgepflichten des Unterhaltspflichtigen<br \/>\n\u2022 Familienbeihilfenbezug<br \/>\n\u2022 Sonderbedarf<\/p>\n<p><u>Ehegattenunterhalt:<\/u><\/p>\n<p>\u2022 Einmalzahlung<br \/>\n\u2022 Monatlicher Unterhalt<br \/>\n\u2022 Wechselseitiger Verzicht<br \/>\n\u2022 Beginn<br \/>\n\u2022 H\u00f6he, Wertsicherung<br \/>\n\u2022 F\u00e4lligkeit, Zahlungsmodalit\u00e4ten<br \/>\n(es empfiehlt sich die \u00dcberweisung auf ein Konto)<br \/>\n\u2022 R\u00fcckstand und allenfalls Zahlungsvereinbarung<br \/>\n\u00fcber den R\u00fcckstand<br \/>\n\u2022 Bemessungsgrundlage<br \/>\n\u2022 weitere Sorgepflichten des Unterhaltsverpflichteten<br \/>\n\u2022 eventuelle Befristung<br \/>\n\u2022 Regelung, dass der Unterhalts bei Eingehen<br \/>\neiner Lebensgemeinschaft ruht und<br \/>\nbei Wiederverheiratung erlischt<br \/>\n\u2022 Regelung der Vorgangsweise bei \u00c4nderung<br \/>\nder Bemessungsgrundlage<br \/>\n\u2022 Pensionsanspr\u00fcche, vor allem bei Unterhaltsverzicht<br \/>\n\u2022 Witwenpensionsanspr\u00fcche ber\u00fccksichtigen<br \/>\n\u2022 Erl\u00f6schen der Mitversicherung bei der<br \/>\nKrankenversicherung beachten<br \/>\n\u2022 Ber\u00fccksichtigung der Fristen f\u00fcr<br \/>\ndie freiwillige Weiterversicherung<\/p>\n<p><u>Eheliches Gebrauchsverm\u00f6gen und eheliche Ersparnisse:<\/u><\/p>\n<p><em>Grunds\u00e4tzlich:<\/em><\/p>\n<p>\u2022 Verm\u00f6gen, das w\u00e4hrend aufrechter Ehe angesammelt wurde;<br \/>\nNicht: die w\u00e4hrend vorehelicher Lebensgemeinschaft<br \/>\nangeschafften Sachen\/Wertanlagen<\/p>\n<\/div>\n<\/div>\n<\/div>\n<p>[\/vc_column_text][\/vc_column][vc_column width=&#8220;1\/2&#8243;][vc_column_text]<\/p>\n<div class=\"mitte\">\n<div class=\"contenttext_main\">\n<div class=\"text\">\n<p><em>Aufteilungsgegenstand:<\/em><\/p>\n<p>\u2022 Eheliche Ersparnisse, z.B. \uf020Bargeld, Sparb\u00fccher,<br \/>\nBausparvertr\u00e4ge, Versicherungen,<br \/>\nsonstige Kapitalanlagen, Kunstgegenst\u00e4nde<br \/>\n\u2022 Eheliches Gebrauchverm\u00f6gen, z.B. Hausrat, Fahrzeuge,<br \/>\nReitpferde etc.<br \/>\n\u2022 Eheliche Wohnung\/Haus, sonstiges Grundeigentum<br \/>\nes ist zu kl\u00e4ren, wem die Wohnung\/Haus k\u00fcnftig alleine<br \/>\ngeh\u00f6ren soll \u2013 Miteigentum nach der Scheidung sollte<br \/>\ntunlichst vermieden werden<br \/>\n\u2022 bei \u00dcbertragung von Eigentum \u2013 Rangordnungsbeschluss erwirken<br \/>\n\u2022 Zeitpunkt f\u00fcr den \u00dcbergang der Kosten f\u00fcr die Ehewohnung fixieren<br \/>\n\u2022 Betriebkostenr\u00fcckst\u00e4nde und der gleichen kl\u00e4ren<br \/>\n\u2022 Regelung \u00fcber Kosten, Geb\u00fchren, Steuern und<br \/>\nAbgaben, die im Zusammenhang mit<br \/>\nLiegenschafts\u00fcbertragungen anfallen<br \/>\n\u2022 R\u00e4umungsvereinbarung treffen<br \/>\n\u2022 Mietwohnung:<br \/>\no Erkl\u00e4rung des Ehegatten, der auszieht,<br \/>\ndass dieser fristgerecht gegen\u00fcber dem Vermieter<br \/>\neine entsprechende Erkl\u00e4rung abgibt, die zur \u00dcber-<br \/>\ntragung der Mietrechte notwendig sind.<br \/>\no Regelung, wer die erlegte Kaution erh\u00e4lt<br \/>\n\u2022 Liste \u00fcber Gegenst\u00e4nde anfertigen, die der<br \/>\nausziehende Ehegatte mitnehmen m\u00f6chte<br \/>\n\u2022 Frist f\u00fcr Abholung der Gegenst\u00e4nde<br \/>\n\u2022 Regelungen betreffen der Pkws,<br \/>\nallenfalls Eigentums\u00fcbertragung; Leasingfahrzeug<br \/>\n\u2022 Herausgabepflicht f\u00fcr die Fahrzeugpapiere terminlich fixieren<\/p>\n<p><u>Gerichtsgeb\u00fchren:<\/u><\/p>\n<p>Einvernehmliche Scheidung gem\u00e4\u00df \u00a7 55a EheG<\/p>\n<p>\u2022 Antrag im Au\u00dferstreitverfahren: Pauschalgeb\u00fchr: \u20ac 266,00<br \/>\n\u2022 Scheidungsfolgenvereinbarung (Scheidungsvergleich): \u20ac 266,00<br \/>\nIst Gegenstand dieser Vereinbarung die \u00dcbertragung von<br \/>\nEigentum an einer unbeweglichen Sache (Liegenschaft) oder<br \/>\ndie Begr\u00fcndung sonstiger b\u00fccherlichen Rechte,<br \/>\nso betr\u00e4gt die Pauschalgeb\u00fchr \u20ac 398,00<br \/>\n\u2022 Beide vertragsschlie\u00dfende Parteien trifft gegen\u00fcber<br \/>\nder Republik die Zahlungsverpflichtung \u2013<br \/>\nohne R\u00fccksicht auf entgegenstehende Vereinbarungen<\/p>\n<p><u>Notwendige Dokumente:<\/u><\/p>\n<p>Folgende Dokumente m\u00fcssen bei der einvernehmlichen Ehescheidung dem Gericht vorgelegt bzw. zur Einsicht im Original \u00fcbergeben werden:<br \/>\n\u2022 Heiratsurkunde<br \/>\n\u2022 Staatsb\u00fcrgerschaftnachweis der Ehegatten<br \/>\n\u2022 Meldebest\u00e4tigungen der Ehegatten<br \/>\n\u2022 Lichtbildausweis der Ehegatten<br \/>\n\u2022 Geburtsurkunden der gemeinsamen minderj\u00e4hrigen Kinder<\/p>\n<p><u>Disclaimer:<\/u><\/p>\n<p>Diese Checkliste dient jediglich als Unterst\u00fctzung f\u00fcr Klienten zur Vorbereitung eines Termins in unserer Kanzlei. Sie ersetzt nicht die auf jeden einzelnen Fall speziell abzustellende anwaltliche Beratung.<\/p>\n<p>Die Vervielf\u00e4ltigung, Verbreitung oder Bearbeitung<br \/>\ndieser Checkliste ist nicht gestattet.<\/p>\n<\/div>\n<\/div>\n<\/div>\n<p>[\/vc_column_text][\/vc_column][\/vc_row]<\/p>\n","protected":false},"excerpt":{"rendered":"<p>[vc_row][vc_column width=&#8220;1\/2&#8243;][vc_column_text] Eine einvernehmliche Scheidung ist ebenso komplex wie ein gerichtliches Ehescheidungsverfahren. Es sollte daher unbedingt auch eine einvernehmliche Ehescheidung und die abzuschlie\u00dfende Scheidungsfolgenvereinbarung wohl \u00fcberlegt sein und von einem Rechtsanwalt errichtet werden, damit Streitigkeiten und Rechtsunsicherheiten zuk\u00fcnftig vermieden werden k\u00f6nnen. Folgende Punkte sollten vor einer einvernehmlichen Scheidung gekl\u00e4rt werden: Obsorge f\u00fcr die gemeinsamen Kinder: [&hellip;]<\/p>\n","protected":false},"author":1,"featured_media":0,"parent":2319,"menu_order":0,"comment_status":"closed","ping_status":"closed","template":"","meta":{"footnotes":""},"class_list":["post-2369","page","type-page","status-publish","hentry"],"_links":{"self":[{"href":"https:\/\/meinrecht.or.at\/index.php?rest_route=\/wp\/v2\/pages\/2369","targetHints":{"allow":["GET"]}}],"collection":[{"href":"https:\/\/meinrecht.or.at\/index.php?rest_route=\/wp\/v2\/pages"}],"about":[{"href":"https:\/\/meinrecht.or.at\/index.php?rest_route=\/wp\/v2\/types\/page"}],"author":[{"embeddable":true,"href":"https:\/\/meinrecht.or.at\/index.php?rest_route=\/wp\/v2\/users\/1"}],"replies":[{"embeddable":true,"href":"https:\/\/meinrecht.or.at\/index.php?rest_route=%2Fwp%2Fv2%2Fcomments&post=2369"}],"version-history":[{"count":5,"href":"https:\/\/meinrecht.or.at\/index.php?rest_route=\/wp\/v2\/pages\/2369\/revisions"}],"predecessor-version":[{"id":2426,"href":"https:\/\/meinrecht.or.at\/index.php?rest_route=\/wp\/v2\/pages\/2369\/revisions\/2426"}],"up":[{"embeddable":true,"href":"https:\/\/meinrecht.or.at\/index.php?rest_route=\/wp\/v2\/pages\/2319"}],"wp:attachment":[{"href":"https:\/\/meinrecht.or.at\/index.php?rest_route=%2Fwp%2Fv2%2Fmedia&parent=2369"}],"curies":[{"name":"wp","href":"https:\/\/api.w.org\/{rel}","templated":true}]}}