{"id":2569,"date":"2017-03-20T14:26:03","date_gmt":"2017-03-20T14:26:03","guid":{"rendered":"http:\/\/meinrecht.or.at\/?page_id=2569"},"modified":"2023-09-04T06:03:55","modified_gmt":"2023-09-04T06:03:55","slug":"e-commerce","status":"publish","type":"page","link":"https:\/\/meinrecht.or.at\/?page_id=2569","title":{"rendered":"e-commerce"},"content":{"rendered":"<p>[vc_row][vc_column width=&#8220;1\/2&#8243;][vc_column_text]<strong>Firmendetails und Angaben nach \u00a7 5 Abs 1 ECG<br \/>\n<\/strong><br \/>\nKanzlei Schiffner&amp;Team<br \/>\nHaushamer Str. 2<br \/>\n8054 Seiersberg<\/p>\n<div class=\"contact-info\">\n<p class=\"phone\">Telefon: +43-316 93 12 80<br \/>\nFax: +43-316 93 12 80 11<\/p>\n<\/div>\n<p><strong>Sitz:<\/strong>\u00a0Graz<br \/>\nDVR-Nr.: 0731927<br \/>\nUID-Nr.: ATU 57067319<\/p>\n<p><u><strong>Umsetzung:<br \/>\n<\/strong><\/u>Wolfgang Zechmann<br \/>\nZeppelinstra\u00dfe 53<br \/>\n8055 Graz<\/p>\n<p><strong>Kammerzugeh\u00f6rigkeit:<\/strong> Rechtsanwaltskammer Steiermark<br \/>\nStandesrecht: Rechtsanwaltsordnung (RAO)<br \/>\nRichtlinien f\u00fcr die Aus\u00fcbung des Rechtsanwaltsberufes (RL-BA)<\/p>\n<p>Der Inhalt dieser Website dient ausschlie\u00dflich der allgemeinen Information und stellt keine Rechtsberatung dar. Wir \u00fcbernehmen keine Haftung f\u00fcr die Aktualit\u00e4t, Richtigkeit und Vollst\u00e4ndigkeit der dargestellten Informationen. Allf\u00e4llige Sch\u00e4den, die auf die Verwendung unserer Website oder Websites Dritter (durch Hyperlinks) zur\u00fcckzuf\u00fchren sind, begr\u00fcnden keine Haftung unsererseits.[\/vc_column_text][\/vc_column][vc_column width=&#8220;1\/2&#8243;][vc_column_text]<img loading=\"lazy\" decoding=\"async\" class=\"alignnone wp-image-2487\" src=\"http:\/\/meinrecht.or.at\/wp-content\/uploads\/2017\/03\/slogan_1-400x91.jpg\" alt=\"\" width=\"400\" height=\"91\" srcset=\"https:\/\/meinrecht.or.at\/wp-content\/uploads\/2017\/03\/slogan_1.jpg 400w, https:\/\/meinrecht.or.at\/wp-content\/uploads\/2017\/03\/slogan_1-300x68.jpg 300w\" sizes=\"auto, (max-width: 400px) 100vw, 400px\" \/><\/p>\n<p>[\/vc_column_text][\/vc_column][\/vc_row]<\/p>\n","protected":false},"excerpt":{"rendered":"<p>[vc_row][vc_column width=&#8220;1\/2&#8243;][vc_column_text]Firmendetails und Angaben nach \u00a7 5 Abs 1 ECG Kanzlei Schiffner&amp;Team Haushamer Str. 2 8054 Seiersberg Telefon: +43-316 93 12 80 Fax: +43-316 93 12 80 11 Sitz:\u00a0Graz DVR-Nr.: 0731927 UID-Nr.: ATU 57067319 Umsetzung: Wolfgang Zechmann Zeppelinstra\u00dfe 53 8055 Graz Kammerzugeh\u00f6rigkeit: Rechtsanwaltskammer Steiermark Standesrecht: Rechtsanwaltsordnung (RAO) Richtlinien f\u00fcr die Aus\u00fcbung des Rechtsanwaltsberufes (RL-BA) Der [&hellip;]<\/p>\n","protected":false},"author":1,"featured_media":0,"parent":0,"menu_order":0,"comment_status":"closed","ping_status":"closed","template":"","meta":{"footnotes":""},"class_list":["post-2569","page","type-page","status-publish","hentry"],"_links":{"self":[{"href":"https:\/\/meinrecht.or.at\/index.php?rest_route=\/wp\/v2\/pages\/2569","targetHints":{"allow":["GET"]}}],"collection":[{"href":"https:\/\/meinrecht.or.at\/index.php?rest_route=\/wp\/v2\/pages"}],"about":[{"href":"https:\/\/meinrecht.or.at\/index.php?rest_route=\/wp\/v2\/types\/page"}],"author":[{"embeddable":true,"href":"https:\/\/meinrecht.or.at\/index.php?rest_route=\/wp\/v2\/users\/1"}],"replies":[{"embeddable":true,"href":"https:\/\/meinrecht.or.at\/index.php?rest_route=%2Fwp%2Fv2%2Fcomments&post=2569"}],"version-history":[{"count":7,"href":"https:\/\/meinrecht.or.at\/index.php?rest_route=\/wp\/v2\/pages\/2569\/revisions"}],"predecessor-version":[{"id":3169,"href":"https:\/\/meinrecht.or.at\/index.php?rest_route=\/wp\/v2\/pages\/2569\/revisions\/3169"}],"wp:attachment":[{"href":"https:\/\/meinrecht.or.at\/index.php?rest_route=%2Fwp%2Fv2%2Fmedia&parent=2569"}],"curies":[{"name":"wp","href":"https:\/\/api.w.org\/{rel}","templated":true}]}}