{"id":2653,"date":"2017-03-28T19:14:06","date_gmt":"2017-03-28T19:14:06","guid":{"rendered":"http:\/\/meinrecht.or.at\/?page_id=2653"},"modified":"2020-06-17T12:35:22","modified_gmt":"2020-06-17T12:35:22","slug":"verkehrsrecht","status":"publish","type":"page","link":"https:\/\/meinrecht.or.at\/?page_id=2653","title":{"rendered":"Rechtspr\u00e4vention"},"content":{"rendered":"<p>[vc_row][vc_column width=&#8220;1\/2&#8243;][vc_column_text]In unserem hochtechnisierten Rechtsstaat k\u00f6nnen sehr schnell Konflikte auf der Rechtsebene auftreten; es ist unser Beruf, Sie in der derartigen Rechtsstreitigen bei Gericht, Beh\u00f6rden etc. zu vertreten.<\/p>\n<p>Wir haben jedoch erkannt, dass die Vertretung im Konfliktfall nur ein Teil unserer T\u00e4tigkeit sein soll. Im Bereich der Medizin ist jedem einsichtig, dass die Gesundheitspr\u00e4vention mehr Vorteile, stressfreier und angenehmer ist als die Behandlung im Krankheitsfall. Wir haben diese Erkenntnis auf die Rechtsebene umgesetzt und bieten daher unserem Klienten Pr\u00e4vention an. Wir verstehen darunter die pr\u00e4ventive Beratung und Rechtsgestaltung, um Prognostizierbare Konflikte von vornherein zu vermeiden. Wir unterscheiden dabei drei Bereiche:<\/p>\n<p><span style=\"font-size: small;\"><strong>Prim\u00e4re Rechtspr\u00e4vention:<br \/>\n<\/strong><\/span><br \/>\nDie prim\u00e4re Rechtspr\u00e4vention dient dazu, durch vorausschauende und wohl \u00fcberlegte Rechtsgestaltung prognostizierbare und erkennbare Risiken und Konfliktpotentiale durch entsprechendes Handel und Unterlassen zu vermeiden.<br \/>\n<strong><span style=\"font-size: small;\"><br \/>\nSekund\u00e4re Rechtspr\u00e4vention:<br \/>\n<\/span><\/strong><br \/>\nDie sekund\u00e4re Rechtspr\u00e4vention besch\u00e4ftigt sich mit der Phase, in welcher sich bereits Konflikte abzeichnen, diese jedoch aufgrund ihrer fr\u00fchzeitigen Erkennung noch regulierbar sind, ohne dass Gerichte und Beh\u00f6rden eingeschalten werden (zB Konfliktmanagement).[\/vc_column_text][\/vc_column][vc_column width=&#8220;1\/2&#8243;][vc_column_text]<img loading=\"lazy\" decoding=\"async\" class=\"alignnone wp-image-2487\" src=\"http:\/\/meinrecht.or.at\/wp-content\/uploads\/2017\/03\/slogan_1-400x91.jpg\" alt=\"\" width=\"400\" height=\"91\" srcset=\"https:\/\/meinrecht.or.at\/wp-content\/uploads\/2017\/03\/slogan_1.jpg 400w, https:\/\/meinrecht.or.at\/wp-content\/uploads\/2017\/03\/slogan_1-300x68.jpg 300w\" sizes=\"auto, (max-width: 400px) 100vw, 400px\" \/><\/p>\n<p><span style=\"font-size: small;\"><strong>Terti\u00e4re Rechtspr\u00e4vention:<br \/>\n<\/strong><\/span><br \/>\nDieser Pr\u00e4ventionsbereich besch\u00e4ftigt sich mit der Phase nach einer Rechtsstreitigkeit, die bei Gericht oder einer Beh\u00f6rde aufgetragen worden ist. Nach Beendigung eines derartigen Rechtsstreites ist es sinnvoll und ratsam, in einer Nachbesprechung Schl\u00fcsse daraus zu ziehen um in Zukunft derartige Konflikte zu verhindern.<\/p>\n<p>Wir haben die Rechtspr\u00e4vention aus der Erkenntnis heraus entwickelt, dass diese f\u00fcr unsere Mandanten wesentlich kosteng\u00fcnstiger, stressfreier und weniger energieraubend ist als die Austragung von Konflikten bei Gericht. Es fallen bei der Austragung von gerichtlichen Konflikt wesentlich mehr Kosten an, sind in der Regel mehr Gerichtstermine wahr zu nehmen, das Verhandlungsergebnis l\u00e4sst oft sehr lange auf sich warten, Sie leben oft Jahre lang in der Ungewissheit des Prozessausganges etc.<\/p>\n<p>Das Kerngebiet unserer Vertretungst\u00e4tigkeit ist jedoch nach wie vor die Vertretung bei Rechtsstreitigkeiten vor Gericht und bei Beh\u00f6rden.[\/vc_column_text][\/vc_column][\/vc_row]<\/p>\n","protected":false},"excerpt":{"rendered":"<p>[vc_row][vc_column width=&#8220;1\/2&#8243;][vc_column_text]In unserem hochtechnisierten Rechtsstaat k\u00f6nnen sehr schnell Konflikte auf der Rechtsebene auftreten; es ist unser Beruf, Sie in der derartigen Rechtsstreitigen bei Gericht, Beh\u00f6rden etc. zu vertreten. Wir haben jedoch erkannt, dass die Vertretung im Konfliktfall nur ein Teil unserer T\u00e4tigkeit sein soll. Im Bereich der Medizin ist jedem einsichtig, dass die Gesundheitspr\u00e4vention mehr [&hellip;]<\/p>\n","protected":false},"author":1,"featured_media":0,"parent":0,"menu_order":0,"comment_status":"closed","ping_status":"closed","template":"","meta":{"footnotes":""},"class_list":["post-2653","page","type-page","status-publish","hentry"],"_links":{"self":[{"href":"https:\/\/meinrecht.or.at\/index.php?rest_route=\/wp\/v2\/pages\/2653","targetHints":{"allow":["GET"]}}],"collection":[{"href":"https:\/\/meinrecht.or.at\/index.php?rest_route=\/wp\/v2\/pages"}],"about":[{"href":"https:\/\/meinrecht.or.at\/index.php?rest_route=\/wp\/v2\/types\/page"}],"author":[{"embeddable":true,"href":"https:\/\/meinrecht.or.at\/index.php?rest_route=\/wp\/v2\/users\/1"}],"replies":[{"embeddable":true,"href":"https:\/\/meinrecht.or.at\/index.php?rest_route=%2Fwp%2Fv2%2Fcomments&post=2653"}],"version-history":[{"count":2,"href":"https:\/\/meinrecht.or.at\/index.php?rest_route=\/wp\/v2\/pages\/2653\/revisions"}],"predecessor-version":[{"id":3074,"href":"https:\/\/meinrecht.or.at\/index.php?rest_route=\/wp\/v2\/pages\/2653\/revisions\/3074"}],"wp:attachment":[{"href":"https:\/\/meinrecht.or.at\/index.php?rest_route=%2Fwp%2Fv2%2Fmedia&parent=2653"}],"curies":[{"name":"wp","href":"https:\/\/api.w.org\/{rel}","templated":true}]}}