{"id":3103,"date":"2020-11-17T15:01:09","date_gmt":"2020-11-17T15:01:09","guid":{"rendered":"https:\/\/meinrecht.or.at\/?page_id=3103"},"modified":"2026-03-17T13:32:29","modified_gmt":"2026-03-17T13:32:29","slug":"kooperationspartner","status":"publish","type":"page","link":"https:\/\/meinrecht.or.at\/?page_id=3103","title":{"rendered":"Kooperationspartner"},"content":{"rendered":"\n<p><em>Wir stehen in st\u00e4ndiger Kooperation (auf Basis \u201ebest friends\u201c, keine gesellschaftsrechtliche Verbindung)<\/em><\/p>\n\n\n\n<p>Dr. Friedrich Lehmann<\/p>\n\n\n\n<p>in Schliersee &#8211; in Kooperation mit der Rechtsanwaltsgesellschaft Dr. Reinfeld GmbH in Kempen (NRW) ist &nbsp;Rechtsanwalt f\u00fcr Wirtschaftsrecht und Arbeitsrecht.<\/p>\n\n\n\n<p>Er ist Dozent an der Hamburger Fernhochschule (HFH) im Wirtschaftsrecht und Pr\u00fcfer von Bachelor- und Masterarbeiten.<\/p>\n\n\n\n<p>In der Tarifpolitik und im Tarifrecht hat Dr. Lehmann in mehr als drei Jahrzehnten eine Vielzahl von strukturell erneuerten Tarifvertr\u00e4gen gemeinsam mit dem Tarifvertragspartner erarbeitet.<br>Dazu geh\u00f6rte die Schaffung bundesweit geltender Tarifvertr\u00e4ge f\u00fcr die Technischen \u00dcberwachungs-Vereine und ebenso f\u00fcr die Filmindustrie.<br>RA Dr. F.-W. Lehmann war \u00fcber drei Jahrzehnte Gesch\u00e4ftsf\u00fchrendes Mitglied des Vorstandes der Tarifgemeinschaft Technischer \u00dcberwachungs-Vereine e.V., Krefeld.<br>Er ist Mitgr\u00fcnder des Arbeitgeberverbandes Dienstleistungsunternehmen (ar.di)&nbsp; e.V.,&nbsp;Krefeld, dessen langj\u00e4hriges Gesch\u00e4ftsf\u00fchrendes Vorstandsmitglied er war.<\/p>\n\n\n\n<p>Als Gr\u00fcnder und Begleiter des Tarifforums hat sich Dr. Lehmann f\u00fcr den sachlich und &nbsp;auch kontrovers gef\u00fchrten Meinungsaustausch von Repr\u00e4sentanten aus&nbsp; Unternehmen, Verb\u00e4nden, Wissenschaft, Justiz &nbsp;und Unternehmenspraxis eingesetzt. Das Tarifforum f\u00fchrt aktuell&nbsp; Carl Friedrich von Weizs\u00e4cker-Stiftung<\/p>\n\n\n\n<p>Mit deren Direktor und Kurator RA Dr. Frank Meik, M\u00fcnchen, in neuer Gestalt fort.Das lebenslange Lernen und Beraten ist mein immerw\u00e4hrendes Ziel. Publikationen in B\u00fcchern und Fachzeitschriften &nbsp;unterstreichen den Wunsch nach Weitergabe von Erkenntnissen. Hierzu hat er die Mitarbeit und Unterst\u00fctzung hoch gesch\u00e4tzter Wissenschaftler im Wirtschaftsrecht erfahren d\u00fcrfen.<\/p>\n\n\n\n<p>Neben dem Beruf steht f\u00fcr ihn im Blickpunkt die gemeinn\u00fctzige T\u00e4tigkeit f\u00fcr Kunst und Sport.<\/p>\n\n\n\n<p>Informationen unter www.arbeitsrecht-ratgeber.eu<\/p>\n","protected":false},"excerpt":{"rendered":"<p>Wir stehen in st\u00e4ndiger Kooperation (auf Basis \u201ebest friends\u201c, keine gesellschaftsrechtliche Verbindung) Dr. Friedrich Lehmann in Schliersee &#8211; in Kooperation mit der Rechtsanwaltsgesellschaft Dr. Reinfeld GmbH in Kempen (NRW) ist &nbsp;Rechtsanwalt f\u00fcr Wirtschaftsrecht und Arbeitsrecht. Er ist Dozent an der Hamburger Fernhochschule (HFH) im Wirtschaftsrecht und Pr\u00fcfer von Bachelor- und Masterarbeiten. In der Tarifpolitik und [&hellip;]<\/p>\n","protected":false},"author":1,"featured_media":0,"parent":0,"menu_order":0,"comment_status":"closed","ping_status":"closed","template":"","meta":{"footnotes":""},"class_list":["post-3103","page","type-page","status-publish","hentry"],"_links":{"self":[{"href":"https:\/\/meinrecht.or.at\/index.php?rest_route=\/wp\/v2\/pages\/3103","targetHints":{"allow":["GET"]}}],"collection":[{"href":"https:\/\/meinrecht.or.at\/index.php?rest_route=\/wp\/v2\/pages"}],"about":[{"href":"https:\/\/meinrecht.or.at\/index.php?rest_route=\/wp\/v2\/types\/page"}],"author":[{"embeddable":true,"href":"https:\/\/meinrecht.or.at\/index.php?rest_route=\/wp\/v2\/users\/1"}],"replies":[{"embeddable":true,"href":"https:\/\/meinrecht.or.at\/index.php?rest_route=%2Fwp%2Fv2%2Fcomments&post=3103"}],"version-history":[{"count":12,"href":"https:\/\/meinrecht.or.at\/index.php?rest_route=\/wp\/v2\/pages\/3103\/revisions"}],"predecessor-version":[{"id":3826,"href":"https:\/\/meinrecht.or.at\/index.php?rest_route=\/wp\/v2\/pages\/3103\/revisions\/3826"}],"wp:attachment":[{"href":"https:\/\/meinrecht.or.at\/index.php?rest_route=%2Fwp%2Fv2%2Fmedia&parent=3103"}],"curies":[{"name":"wp","href":"https:\/\/api.w.org\/{rel}","templated":true}]}}