{"id":3509,"date":"2026-03-14T21:06:15","date_gmt":"2026-03-14T21:06:15","guid":{"rendered":"https:\/\/meinrecht.or.at\/?page_id=3509"},"modified":"2026-03-21T10:54:18","modified_gmt":"2026-03-21T10:54:18","slug":"impressum","status":"publish","type":"page","link":"https:\/\/meinrecht.or.at\/?page_id=3509","title":{"rendered":"Impressum"},"content":{"rendered":"\n<h2 class=\"wp-block-heading\">Impressum<\/h2>\n\n\n\n<p>Zwingende Informationen nach \u00a7 5 E-Commerce-Gesetz<br>und \u00a7 25 Mediengesetz:<\/p>\n\n\n\n<p><strong>Website-Betreiber:<\/strong><br><strong>Dr. Manfred Schiffner<\/strong><br>Rechtsanwalt<br>Haushamer Str. 2<br>8054 Seiersberg<\/p>\n\n\n\n<p><strong>Kontaktinformationen:<\/strong><br>Telefon: +43-316 93 12 80<br>E-Mail: office@meinrecht.or.at<br>Website: www.meinrecht.or.at<\/p>\n\n\n\n<p><strong>Vertretungsberechtigte Person:<\/strong><br><strong>Dr. Manfred Schiffner<\/strong><br>Rechtsanwalt<br>Haushamer Str. 2<br>8054 Seiersberg<\/p>\n\n\n\n<p>Unternehmensgegenstand: Rechtsberatung, Vertretung vor Gerichten und Beh\u00f6rden<br><br>UID: ATU 30340306<\/p>\n\n\n\n<p>zust\u00e4ndiger Berufsverband:<\/p>\n\n\n\n<p>Rechtsanwaltskammer f\u00fcr die Steiermark<br>Salzamtsgasse 3<br>8010 Graz<br>eMail:\u00a0<a href=\"https:\/\/web.archive.org\/web\/20130607110641\/mailto:office@rakstmk.at\">office@rakstmk.at<\/a><\/p>\n\n\n\n<p><strong>Letzte Aktualisierung:<\/strong><br>15.03.2026<\/p>\n\n\n\n<p><\/p>\n","protected":false},"excerpt":{"rendered":"<p>Impressum Zwingende Informationen nach \u00a7 5 E-Commerce-Gesetzund \u00a7 25 Mediengesetz: Website-Betreiber:Dr. Manfred SchiffnerRechtsanwaltHaushamer Str. 28054 Seiersberg Kontaktinformationen:Telefon: +43-316 93 12 80E-Mail: office@meinrecht.or.atWebsite: www.meinrecht.or.at Vertretungsberechtigte Person:Dr. Manfred SchiffnerRechtsanwaltHaushamer Str. 28054 Seiersberg Unternehmensgegenstand: Rechtsberatung, Vertretung vor Gerichten und Beh\u00f6rden UID: ATU 30340306 zust\u00e4ndiger Berufsverband: Rechtsanwaltskammer f\u00fcr die SteiermarkSalzamtsgasse 38010 GrazeMail:\u00a0office@rakstmk.at Letzte Aktualisierung:15.03.2026<\/p>\n","protected":false},"author":1,"featured_media":0,"parent":0,"menu_order":0,"comment_status":"closed","ping_status":"closed","template":"no-title","meta":{"footnotes":""},"class_list":["post-3509","page","type-page","status-publish","hentry"],"_links":{"self":[{"href":"https:\/\/meinrecht.or.at\/index.php?rest_route=\/wp\/v2\/pages\/3509","targetHints":{"allow":["GET"]}}],"collection":[{"href":"https:\/\/meinrecht.or.at\/index.php?rest_route=\/wp\/v2\/pages"}],"about":[{"href":"https:\/\/meinrecht.or.at\/index.php?rest_route=\/wp\/v2\/types\/page"}],"author":[{"embeddable":true,"href":"https:\/\/meinrecht.or.at\/index.php?rest_route=\/wp\/v2\/users\/1"}],"replies":[{"embeddable":true,"href":"https:\/\/meinrecht.or.at\/index.php?rest_route=%2Fwp%2Fv2%2Fcomments&post=3509"}],"version-history":[{"count":1,"href":"https:\/\/meinrecht.or.at\/index.php?rest_route=\/wp\/v2\/pages\/3509\/revisions"}],"predecessor-version":[{"id":3510,"href":"https:\/\/meinrecht.or.at\/index.php?rest_route=\/wp\/v2\/pages\/3509\/revisions\/3510"}],"wp:attachment":[{"href":"https:\/\/meinrecht.or.at\/index.php?rest_route=%2Fwp%2Fv2%2Fmedia&parent=3509"}],"curies":[{"name":"wp","href":"https:\/\/api.w.org\/{rel}","templated":true}]}}